{"id":5807,"date":"2020-04-08T07:39:33","date_gmt":"2020-04-08T07:39:33","guid":{"rendered":"http:\/\/mendezimmigration.ca\/parent-sponsorship\/"},"modified":"2025-05-25T12:10:09","modified_gmt":"2025-05-25T12:10:09","slug":"parent-sponsorship","status":"publish","type":"page","link":"https:\/\/mendezimmigration.ca\/es\/sponsor\/parent-sponsorship\/","title":{"rendered":"Apadrinamiento de padres"},"content":{"rendered":"\t\t<div data-elementor-type=\"wp-page\" data-elementor-id=\"5807\" class=\"elementor elementor-5807 elementor-3461\">\n\t\t\t\t\t\t<section class=\"elementor-section elementor-top-section elementor-element elementor-element-88c58de elementor-section-stretched elementor-section-height-min-height elementor-section-content-middle elementor-section-boxed elementor-section-height-default elementor-section-items-middle\" data-id=\"88c58de\" data-element_type=\"section\" data-settings=\"{&quot;stretch_section&quot;:&quot;section-stretched&quot;,&quot;background_background&quot;:&quot;classic&quot;}\">\n\t\t\t\t\t\t\t<div class=\"elementor-background-overlay\"><\/div>\n\t\t\t\t\t\t\t<div class=\"elementor-container elementor-column-gap-default\">\n\t\t\t\t\t<div class=\"elementor-column elementor-col-66 elementor-top-column elementor-element elementor-element-067027e elementor-invisible\" data-id=\"067027e\" data-element_type=\"column\" data-settings=\"{&quot;animation&quot;:&quot;fadeInUp&quot;}\">\n\t\t\t<div class=\"elementor-widget-wrap elementor-element-populated\">\n\t\t\t\t\t\t<div class=\"elementor-element elementor-element-8487690 elementor-widget elementor-widget-heading\" data-id=\"8487690\" data-element_type=\"widget\" data-widget_type=\"heading.default\">\n\t\t\t\t<div class=\"elementor-widget-container\">\n\t\t\t\t\t<h1 class=\"elementor-heading-title elementor-size-default\">Apadrinamiento de padres<\/h1>\t\t\t\t<\/div>\n\t\t\t\t<\/div>\n\t\t\t\t<section class=\"elementor-section elementor-inner-section elementor-element elementor-element-5625736 elementor-section-boxed elementor-section-height-default elementor-section-height-default\" data-id=\"5625736\" data-element_type=\"section\">\n\t\t\t\t\t\t<div class=\"elementor-container elementor-column-gap-default\">\n\t\t\t\t\t<div class=\"elementor-column elementor-col-66 elementor-inner-column elementor-element elementor-element-ae34502\" data-id=\"ae34502\" data-element_type=\"column\">\n\t\t\t<div class=\"elementor-widget-wrap elementor-element-populated\">\n\t\t\t\t\t\t<div class=\"elementor-element elementor-element-224a0e9 elementor-widget elementor-widget-text-editor\" data-id=\"224a0e9\" data-element_type=\"widget\" data-widget_type=\"text-editor.default\">\n\t\t\t\t<div class=\"elementor-widget-container\">\n\t\t\t\t\t\t\t\t\t<p>Apadrinar a tus padres o abuelos es una oportunidad que Canad\u00e1 brinda solo a ciudadanos canadienses y residentes permanentes. A trav\u00e9s de este programa, se otorga la residencia permanente a los padres o abuelos apadrinados y los apadrinadores en Canad\u00e1 se comprometen a brindar apoyo financiero.<\/p>\t\t\t\t\t\t\t\t<\/div>\n\t\t\t\t<\/div>\n\t\t\t\t\t<\/div>\n\t\t<\/div>\n\t\t\t\t<div class=\"elementor-column elementor-col-33 elementor-inner-column elementor-element elementor-element-efe201c\" data-id=\"efe201c\" data-element_type=\"column\">\n\t\t\t<div class=\"elementor-widget-wrap\">\n\t\t\t\t\t\t\t<\/div>\n\t\t<\/div>\n\t\t\t\t\t<\/div>\n\t\t<\/section>\n\t\t\t\t\t<\/div>\n\t\t<\/div>\n\t\t\t\t<div class=\"elementor-column elementor-col-33 elementor-top-column elementor-element elementor-element-d17cf8b\" data-id=\"d17cf8b\" data-element_type=\"column\">\n\t\t\t<div class=\"elementor-widget-wrap\">\n\t\t\t\t\t\t\t<\/div>\n\t\t<\/div>\n\t\t\t\t\t<\/div>\n\t\t<\/section>\n\t\t\t\t<section class=\"elementor-section elementor-top-section elementor-element elementor-element-630cdff elementor-reverse-tablet elementor-section-boxed elementor-section-height-default elementor-section-height-default\" data-id=\"630cdff\" data-element_type=\"section\">\n\t\t\t\t\t\t<div class=\"elementor-container elementor-column-gap-default\">\n\t\t\t\t\t<div class=\"elementor-column elementor-col-16 elementor-top-column elementor-element elementor-element-00a9289\" data-id=\"00a9289\" data-element_type=\"column\">\n\t\t\t<div class=\"elementor-widget-wrap\">\n\t\t\t\t\t\t\t<\/div>\n\t\t<\/div>\n\t\t\t\t<div class=\"elementor-column elementor-col-66 elementor-top-column elementor-element elementor-element-866ff7c\" data-id=\"866ff7c\" data-element_type=\"column\">\n\t\t\t<div class=\"elementor-widget-wrap elementor-element-populated\">\n\t\t\t\t\t\t<div class=\"elementor-element elementor-element-5fd7853 elementor-widget elementor-widget-text-editor\" data-id=\"5fd7853\" data-element_type=\"widget\" data-widget_type=\"text-editor.default\">\n\t\t\t\t<div class=\"elementor-widget-container\">\n\t\t\t\t\t\t\t\t\t<p>A lo largo de los a\u00f1os, el proceso de solicitud ha evolucionado debido a la gran cantidad de solicitudes atrasadas. Actualmente, el gobierno de Canad\u00e1 acepta solo un n\u00famero limitado de solicitudes por a\u00f1o en un plazo establecido. Cuando se revelan los detalles, te informamos en nuestro sitio web y redes sociales.<\/p>\t\t\t\t\t\t\t\t<\/div>\n\t\t\t\t<\/div>\n\t\t\t\t\t<\/div>\n\t\t<\/div>\n\t\t\t\t<div class=\"elementor-column elementor-col-16 elementor-top-column elementor-element elementor-element-e31e097\" data-id=\"e31e097\" data-element_type=\"column\">\n\t\t\t<div class=\"elementor-widget-wrap\">\n\t\t\t\t\t\t\t<\/div>\n\t\t<\/div>\n\t\t\t\t\t<\/div>\n\t\t<\/section>\n\t\t\t\t<section class=\"elementor-section elementor-top-section elementor-element elementor-element-6173f97 elementor-reverse-tablet elementor-section-stretched elementor-reverse-mobile elementor-section-boxed elementor-section-height-default elementor-section-height-default\" data-id=\"6173f97\" data-element_type=\"section\" data-settings=\"{&quot;stretch_section&quot;:&quot;section-stretched&quot;}\">\n\t\t\t\t\t\t<div class=\"elementor-container elementor-column-gap-default\">\n\t\t\t\t\t<div class=\"elementor-column elementor-col-66 elementor-top-column elementor-element elementor-element-db4948b\" data-id=\"db4948b\" data-element_type=\"column\">\n\t\t\t<div class=\"elementor-widget-wrap elementor-element-populated\">\n\t\t\t\t\t\t<div class=\"elementor-element elementor-element-cb7e60d elementor-widget elementor-widget-heading\" data-id=\"cb7e60d\" data-element_type=\"widget\" data-widget_type=\"heading.default\">\n\t\t\t\t<div class=\"elementor-widget-container\">\n\t\t\t\t\t<h5 class=\"elementor-heading-title elementor-size-default\">\u00bfCu\u00e1les son las tarifas de servicio?<\/h5>\t\t\t\t<\/div>\n\t\t\t\t<\/div>\n\t\t\t\t<div class=\"elementor-element elementor-element-c36cdf5 elementor-widget elementor-widget-button\" data-id=\"c36cdf5\" data-element_type=\"widget\" data-widget_type=\"button.default\">\n\t\t\t\t<div class=\"elementor-widget-container\">\n\t\t\t\t\t\t\t\t\t<div class=\"elementor-button-wrapper\">\n\t\t\t\t\t<a class=\"elementor-button elementor-button-link elementor-size-sm\" href=\"https:\/\/mendezimmigration.ca\/es\/visit\">\n\t\t\t\t\t\t<span class=\"elementor-button-content-wrapper\">\n\t\t\t\t\t\t\t\t\t<span class=\"elementor-button-text\">Precios<\/span>\n\t\t\t\t\t<\/span>\n\t\t\t\t\t<\/a>\n\t\t\t\t<\/div>\n\t\t\t\t\t\t\t\t<\/div>\n\t\t\t\t<\/div>\n\t\t\t\t\t<\/div>\n\t\t<\/div>\n\t\t\t\t<div class=\"elementor-column elementor-col-33 elementor-top-column elementor-element elementor-element-e23048f elementor-invisible\" data-id=\"e23048f\" data-element_type=\"column\" data-settings=\"{&quot;animation&quot;:&quot;fadeInUp&quot;}\">\n\t\t\t<div class=\"elementor-widget-wrap elementor-element-populated\">\n\t\t\t\t\t\t<div class=\"elementor-element elementor-element-5bc9580 elementor-widget elementor-widget-image\" data-id=\"5bc9580\" data-element_type=\"widget\" data-widget_type=\"image.default\">\n\t\t\t\t<div class=\"elementor-widget-container\">\n\t\t\t\t\t\t\t\t\t\t\t\t\t\t\t<img decoding=\"async\" data-src=\"http:\/\/mendezimmigration.ca\/wp-content\/uploads\/2020\/04\/parents.jpg\" title=\"\" alt=\"\" src=\"data:image\/svg+xml;base64,PHN2ZyB3aWR0aD0iMSIgaGVpZ2h0PSIxIiB4bWxucz0iaHR0cDovL3d3dy53My5vcmcvMjAwMC9zdmciPjwvc3ZnPg==\" class=\"lazyload\" \/>\t\t\t\t\t\t\t\t\t\t\t\t\t\t\t<\/div>\n\t\t\t\t<\/div>\n\t\t\t\t\t<\/div>\n\t\t<\/div>\n\t\t\t\t\t<\/div>\n\t\t<\/section>\n\t\t\t\t<section class=\"elementor-section elementor-top-section elementor-element elementor-element-03ff7bf elementor-section-stretched elementor-section-full_width elementor-section-height-default elementor-section-height-default\" data-id=\"03ff7bf\" data-element_type=\"section\" data-settings=\"{&quot;stretch_section&quot;:&quot;section-stretched&quot;,&quot;background_background&quot;:&quot;classic&quot;}\">\n\t\t\t\t\t\t<div class=\"elementor-container elementor-column-gap-default\">\n\t\t\t\t\t<div class=\"elementor-column elementor-col-50 elementor-top-column elementor-element elementor-element-399c228\" data-id=\"399c228\" data-element_type=\"column\">\n\t\t\t<div class=\"elementor-widget-wrap elementor-element-populated\">\n\t\t\t\t\t\t<div class=\"elementor-element elementor-element-84c2e17 elementor-widget elementor-widget-heading\" data-id=\"84c2e17\" data-element_type=\"widget\" data-widget_type=\"heading.default\">\n\t\t\t\t<div class=\"elementor-widget-container\">\n\t\t\t\t\t<h2 class=\"elementor-heading-title elementor-size-default\">PROGRAMA UNA CONSULTA<\/h2>\t\t\t\t<\/div>\n\t\t\t\t<\/div>\n\t\t\t\t<div class=\"elementor-element elementor-element-dc71fcc elementor-align-left elementor-mobile-align-center animated-fast elementor-invisible elementor-widget elementor-widget-button\" data-id=\"dc71fcc\" data-element_type=\"widget\" data-settings=\"{&quot;_animation&quot;:&quot;fadeInUp&quot;,&quot;_animation_delay&quot;:200}\" data-widget_type=\"button.default\">\n\t\t\t\t<div class=\"elementor-widget-container\">\n\t\t\t\t\t\t\t\t\t<div class=\"elementor-button-wrapper\">\n\t\t\t\t\t<a class=\"elementor-button elementor-button-link elementor-size-lg elementor-animation-grow\" href=\"https:\/\/mendezimmigrationservices.setmore.com\/\">\n\t\t\t\t\t\t<span class=\"elementor-button-content-wrapper\">\n\t\t\t\t\t\t\t\t\t<span class=\"elementor-button-text\">Programar<\/span>\n\t\t\t\t\t<\/span>\n\t\t\t\t\t<\/a>\n\t\t\t\t<\/div>\n\t\t\t\t\t\t\t\t<\/div>\n\t\t\t\t<\/div>\n\t\t\t\t\t<\/div>\n\t\t<\/div>\n\t\t\t\t<div class=\"elementor-column elementor-col-50 elementor-top-column elementor-element elementor-element-da943b1\" data-id=\"da943b1\" data-element_type=\"column\" data-settings=\"{&quot;background_background&quot;:&quot;classic&quot;}\">\n\t\t\t<div class=\"elementor-widget-wrap elementor-element-populated\">\n\t\t\t\t\t\t<div class=\"elementor-element elementor-element-63f4b0f elementor-hidden-desktop elementor-hidden-tablet elementor-widget elementor-widget-image\" data-id=\"63f4b0f\" data-element_type=\"widget\" data-widget_type=\"image.default\">\n\t\t\t\t<div class=\"elementor-widget-container\">\n\t\t\t\t\t\t\t\t\t\t\t\t\t\t\t<img decoding=\"async\" data-src=\"https:\/\/mendezimmigration.ca\/wp-content\/plugins\/elementor\/assets\/images\/placeholder.png\" title=\"\" alt=\"\" src=\"data:image\/svg+xml;base64,PHN2ZyB3aWR0aD0iMSIgaGVpZ2h0PSIxIiB4bWxucz0iaHR0cDovL3d3dy53My5vcmcvMjAwMC9zdmciPjwvc3ZnPg==\" class=\"lazyload\" style=\"--smush-placeholder-width: 1200px; --smush-placeholder-aspect-ratio: 1200\/800;\" \/>\t\t\t\t\t\t\t\t\t\t\t\t\t\t\t<\/div>\n\t\t\t\t<\/div>\n\t\t\t\t\t<\/div>\n\t\t<\/div>\n\t\t\t\t\t<\/div>\n\t\t<\/section>\n\t\t\t\t<\/div>\n\t\t","protected":false},"excerpt":{"rendered":"<p>Apadrinamiento de padres Apadrinar a tus padres o abuelos es una oportunidad que Canad\u00e1 brinda solo a ciudadanos canadienses y residentes permanentes. A trav\u00e9s de este programa, se otorga la residencia permanente a los padres o abuelos apadrinados y los [&hellip;]<\/p>\n","protected":false},"author":2,"featured_media":0,"parent":5895,"menu_order":0,"comment_status":"closed","ping_status":"closed","template":"","meta":{"footnotes":""},"class_list":["post-5807","page","type-page","status-publish","hentry"],"yoast_head":"<!-- This site is optimized with the Yoast SEO plugin v26.4 - https:\/\/yoast.com\/wordpress\/plugins\/seo\/ -->\n<title>Apadrinamiento de padres - mendez<\/title>\n<meta name=\"robots\" content=\"noindex, follow, max-snippet:-1, max-image-preview:large, max-video-preview:-1\" \/>\n<meta property=\"og:locale\" content=\"es_ES\" \/>\n<meta property=\"og:type\" content=\"article\" \/>\n<meta property=\"og:title\" content=\"Apadrinamiento de padres - mendez\" \/>\n<meta property=\"og:description\" content=\"Apadrinamiento de padres Apadrinar a tus padres o abuelos es una oportunidad que Canad\u00e1 brinda solo a ciudadanos canadienses y residentes permanentes. A trav\u00e9s de este programa, se otorga la residencia permanente a los padres o abuelos apadrinados y los [&hellip;]\" \/>\n<meta property=\"og:url\" content=\"https:\/\/mendezimmigration.ca\/sponsor\/parent-sponsorship\/\" \/>\n<meta property=\"og:site_name\" content=\"mendez\" \/>\n<meta property=\"article:publisher\" content=\"https:\/\/www.facebook.com\/mendezimmigration\/\" \/>\n<meta property=\"article:modified_time\" content=\"2025-05-25T12:10:09+00:00\" \/>\n<meta property=\"og:image\" content=\"http:\/\/mendezimmigration.ca\/wp-content\/uploads\/2020\/04\/parents.jpg\" \/>\n<meta name=\"twitter:card\" content=\"summary_large_image\" \/>\n<meta name=\"twitter:label1\" content=\"Tiempo de lectura\" \/>\n\t<meta name=\"twitter:data1\" content=\"1 minuto\" \/>\n<script type=\"application\/ld+json\" class=\"yoast-schema-graph\">{\"@context\":\"https:\/\/schema.org\",\"@graph\":[{\"@type\":\"WebPage\",\"@id\":\"https:\/\/mendezimmigration.ca\/sponsor\/parent-sponsorship\/\",\"url\":\"https:\/\/mendezimmigration.ca\/sponsor\/parent-sponsorship\/\",\"name\":\"Apadrinamiento de padres - mendez\",\"isPartOf\":{\"@id\":\"https:\/\/mendezimmigration.ca\/#website\"},\"primaryImageOfPage\":{\"@id\":\"https:\/\/mendezimmigration.ca\/sponsor\/parent-sponsorship\/#primaryimage\"},\"image\":{\"@id\":\"https:\/\/mendezimmigration.ca\/sponsor\/parent-sponsorship\/#primaryimage\"},\"thumbnailUrl\":\"http:\/\/mendezimmigration.ca\/wp-content\/uploads\/2020\/04\/parents.jpg\",\"datePublished\":\"2020-04-08T07:39:33+00:00\",\"dateModified\":\"2025-05-25T12:10:09+00:00\",\"breadcrumb\":{\"@id\":\"https:\/\/mendezimmigration.ca\/sponsor\/parent-sponsorship\/#breadcrumb\"},\"inLanguage\":\"es\",\"potentialAction\":[{\"@type\":\"ReadAction\",\"target\":[\"https:\/\/mendezimmigration.ca\/sponsor\/parent-sponsorship\/\"]}]},{\"@type\":\"ImageObject\",\"inLanguage\":\"es\",\"@id\":\"https:\/\/mendezimmigration.ca\/sponsor\/parent-sponsorship\/#primaryimage\",\"url\":\"http:\/\/mendezimmigration.ca\/wp-content\/uploads\/2020\/04\/parents.jpg\",\"contentUrl\":\"http:\/\/mendezimmigration.ca\/wp-content\/uploads\/2020\/04\/parents.jpg\"},{\"@type\":\"BreadcrumbList\",\"@id\":\"https:\/\/mendezimmigration.ca\/sponsor\/parent-sponsorship\/#breadcrumb\",\"itemListElement\":[{\"@type\":\"ListItem\",\"position\":1,\"name\":\"Home\",\"item\":\"https:\/\/mendezimmigration.ca\/es\/\"},{\"@type\":\"ListItem\",\"position\":2,\"name\":\"Apadrinamiento familiar\",\"item\":\"https:\/\/mendezimmigration.ca\/sponsor\/\"},{\"@type\":\"ListItem\",\"position\":3,\"name\":\"Apadrinamiento de padres\"}]},{\"@type\":\"WebSite\",\"@id\":\"https:\/\/mendezimmigration.ca\/#website\",\"url\":\"https:\/\/mendezimmigration.ca\/\",\"name\":\"Mendez Immigration\",\"description\":\"\",\"publisher\":{\"@id\":\"https:\/\/mendezimmigration.ca\/#organization\"},\"potentialAction\":[{\"@type\":\"SearchAction\",\"target\":{\"@type\":\"EntryPoint\",\"urlTemplate\":\"https:\/\/mendezimmigration.ca\/?s={search_term_string}\"},\"query-input\":{\"@type\":\"PropertyValueSpecification\",\"valueRequired\":true,\"valueName\":\"search_term_string\"}}],\"inLanguage\":\"es\"},{\"@type\":\"Organization\",\"@id\":\"https:\/\/mendezimmigration.ca\/#organization\",\"name\":\"Mendez Immigration\",\"url\":\"https:\/\/mendezimmigration.ca\/\",\"logo\":{\"@type\":\"ImageObject\",\"inLanguage\":\"es\",\"@id\":\"https:\/\/mendezimmigration.ca\/#\/schema\/logo\/image\/\",\"url\":\"https:\/\/mendezimmigration.ca\/wp-content\/uploads\/2025\/05\/mendez-immigration-services-logo-1.png\",\"contentUrl\":\"https:\/\/mendezimmigration.ca\/wp-content\/uploads\/2025\/05\/mendez-immigration-services-logo-1.png\",\"width\":200,\"height\":68,\"caption\":\"Mendez Immigration\"},\"image\":{\"@id\":\"https:\/\/mendezimmigration.ca\/#\/schema\/logo\/image\/\"},\"sameAs\":[\"https:\/\/www.facebook.com\/mendezimmigration\/\",\"https:\/\/www.instagram.com\/mendezimmigrationservices\/\",\"https:\/\/www.youtube.com\/channel\/UC0wABtf3dus2B-OFdTCzRMg\"]}]}<\/script>\n<!-- \/ Yoast SEO plugin. -->","yoast_head_json":{"title":"Apadrinamiento de padres - mendez","robots":{"index":"noindex","follow":"follow","max-snippet":"max-snippet:-1","max-image-preview":"max-image-preview:large","max-video-preview":"max-video-preview:-1"},"og_locale":"es_ES","og_type":"article","og_title":"Apadrinamiento de padres - mendez","og_description":"Apadrinamiento de padres Apadrinar a tus padres o abuelos es una oportunidad que Canad\u00e1 brinda solo a ciudadanos canadienses y residentes permanentes. A trav\u00e9s de este programa, se otorga la residencia permanente a los padres o abuelos apadrinados y los [&hellip;]","og_url":"https:\/\/mendezimmigration.ca\/sponsor\/parent-sponsorship\/","og_site_name":"mendez","article_publisher":"https:\/\/www.facebook.com\/mendezimmigration\/","article_modified_time":"2025-05-25T12:10:09+00:00","og_image":[{"url":"http:\/\/mendezimmigration.ca\/wp-content\/uploads\/2020\/04\/parents.jpg","type":"","width":"","height":""}],"twitter_card":"summary_large_image","twitter_misc":{"Tiempo de lectura":"1 minuto"},"schema":{"@context":"https:\/\/schema.org","@graph":[{"@type":"WebPage","@id":"https:\/\/mendezimmigration.ca\/sponsor\/parent-sponsorship\/","url":"https:\/\/mendezimmigration.ca\/sponsor\/parent-sponsorship\/","name":"Apadrinamiento de padres - mendez","isPartOf":{"@id":"https:\/\/mendezimmigration.ca\/#website"},"primaryImageOfPage":{"@id":"https:\/\/mendezimmigration.ca\/sponsor\/parent-sponsorship\/#primaryimage"},"image":{"@id":"https:\/\/mendezimmigration.ca\/sponsor\/parent-sponsorship\/#primaryimage"},"thumbnailUrl":"http:\/\/mendezimmigration.ca\/wp-content\/uploads\/2020\/04\/parents.jpg","datePublished":"2020-04-08T07:39:33+00:00","dateModified":"2025-05-25T12:10:09+00:00","breadcrumb":{"@id":"https:\/\/mendezimmigration.ca\/sponsor\/parent-sponsorship\/#breadcrumb"},"inLanguage":"es","potentialAction":[{"@type":"ReadAction","target":["https:\/\/mendezimmigration.ca\/sponsor\/parent-sponsorship\/"]}]},{"@type":"ImageObject","inLanguage":"es","@id":"https:\/\/mendezimmigration.ca\/sponsor\/parent-sponsorship\/#primaryimage","url":"http:\/\/mendezimmigration.ca\/wp-content\/uploads\/2020\/04\/parents.jpg","contentUrl":"http:\/\/mendezimmigration.ca\/wp-content\/uploads\/2020\/04\/parents.jpg"},{"@type":"BreadcrumbList","@id":"https:\/\/mendezimmigration.ca\/sponsor\/parent-sponsorship\/#breadcrumb","itemListElement":[{"@type":"ListItem","position":1,"name":"Home","item":"https:\/\/mendezimmigration.ca\/es\/"},{"@type":"ListItem","position":2,"name":"Apadrinamiento familiar","item":"https:\/\/mendezimmigration.ca\/sponsor\/"},{"@type":"ListItem","position":3,"name":"Apadrinamiento de padres"}]},{"@type":"WebSite","@id":"https:\/\/mendezimmigration.ca\/#website","url":"https:\/\/mendezimmigration.ca\/","name":"Mendez Immigration","description":"","publisher":{"@id":"https:\/\/mendezimmigration.ca\/#organization"},"potentialAction":[{"@type":"SearchAction","target":{"@type":"EntryPoint","urlTemplate":"https:\/\/mendezimmigration.ca\/?s={search_term_string}"},"query-input":{"@type":"PropertyValueSpecification","valueRequired":true,"valueName":"search_term_string"}}],"inLanguage":"es"},{"@type":"Organization","@id":"https:\/\/mendezimmigration.ca\/#organization","name":"Mendez Immigration","url":"https:\/\/mendezimmigration.ca\/","logo":{"@type":"ImageObject","inLanguage":"es","@id":"https:\/\/mendezimmigration.ca\/#\/schema\/logo\/image\/","url":"https:\/\/mendezimmigration.ca\/wp-content\/uploads\/2025\/05\/mendez-immigration-services-logo-1.png","contentUrl":"https:\/\/mendezimmigration.ca\/wp-content\/uploads\/2025\/05\/mendez-immigration-services-logo-1.png","width":200,"height":68,"caption":"Mendez Immigration"},"image":{"@id":"https:\/\/mendezimmigration.ca\/#\/schema\/logo\/image\/"},"sameAs":["https:\/\/www.facebook.com\/mendezimmigration\/","https:\/\/www.instagram.com\/mendezimmigrationservices\/","https:\/\/www.youtube.com\/channel\/UC0wABtf3dus2B-OFdTCzRMg"]}]}},"_links":{"self":[{"href":"https:\/\/mendezimmigration.ca\/es\/wp-json\/wp\/v2\/pages\/5807","targetHints":{"allow":["GET"]}}],"collection":[{"href":"https:\/\/mendezimmigration.ca\/es\/wp-json\/wp\/v2\/pages"}],"about":[{"href":"https:\/\/mendezimmigration.ca\/es\/wp-json\/wp\/v2\/types\/page"}],"author":[{"embeddable":true,"href":"https:\/\/mendezimmigration.ca\/es\/wp-json\/wp\/v2\/users\/2"}],"replies":[{"embeddable":true,"href":"https:\/\/mendezimmigration.ca\/es\/wp-json\/wp\/v2\/comments?post=5807"}],"version-history":[{"count":33,"href":"https:\/\/mendezimmigration.ca\/es\/wp-json\/wp\/v2\/pages\/5807\/revisions"}],"predecessor-version":[{"id":6275,"href":"https:\/\/mendezimmigration.ca\/es\/wp-json\/wp\/v2\/pages\/5807\/revisions\/6275"}],"up":[{"embeddable":true,"href":"https:\/\/mendezimmigration.ca\/es\/wp-json\/wp\/v2\/pages\/5895"}],"wp:attachment":[{"href":"https:\/\/mendezimmigration.ca\/es\/wp-json\/wp\/v2\/media?parent=5807"}],"curies":[{"name":"wp","href":"https:\/\/api.w.org\/{rel}","templated":true}]}}